{"id":911,"date":"2016-01-03T20:26:49","date_gmt":"2016-01-03T20:26:49","guid":{"rendered":"http:\/\/www.rusrim.com\/?page_id=911"},"modified":"2021-08-17T15:28:20","modified_gmt":"2021-08-17T15:28:20","slug":"%d1%84%d0%be%d0%bd%d1%82%d0%b0%d0%bd%d1%8b-%d1%80%d0%b8%d0%bc%d0%b0","status":"publish","type":"page","link":"http:\/\/www.rusrim.com\/fr\/video\/%d1%84%d0%be%d0%bd%d1%82%d0%b0%d0%bd%d1%8b-%d1%80%d0%b8%d0%bc%d0%b0\/","title":{"rendered":"(English) The Roman fountains private tours"},"content":{"rendered":"<p class=\"qtranxs-available-languages-message qtranxs-available-languages-message-fr\">D\u00e9sol\u00e9, cet article est seulement disponible en <a href=\"http:\/\/www.rusrim.com\/en\/wp-json\/wp\/v2\/pages\/911\" class=\"qtranxs-available-language-link qtranxs-available-language-link-en\" title=\"English\">Anglais Am\u00e9ricain<\/a>, <a href=\"http:\/\/www.rusrim.com\/ru\/wp-json\/wp\/v2\/pages\/911\" class=\"qtranxs-available-language-link qtranxs-available-language-link-ru\" title=\"\u0420\u0443\u0441\u0441\u043a\u0438\u0439\">Russe<\/a> et <a href=\"http:\/\/www.rusrim.com\/bg\/wp-json\/wp\/v2\/pages\/911\" class=\"qtranxs-available-language-link qtranxs-available-language-link-bg\" title=\"\u0411\u044a\u043b\u0433\u0430\u0440\u0441\u043a\u0438\">Bulgare<\/a>.<\/p>","protected":false},"excerpt":{"rendered":"<p>D\u00e9sol\u00e9, cet article est seulement disponible en Anglais Am\u00e9ricain, Russe et Bulgare.<\/p>\n","protected":false},"author":2,"featured_media":0,"parent":640,"menu_order":13,"comment_status":"closed","ping_status":"closed","template":"","meta":[],"tags":[1418,1412,1415,1413,1407,1408,221,185,1405,2560,1406,2379,1417,1404,2559,2556,2558,2557,2555,1414,953,1416,533,1411,1403,1410,1409,1107],"_links":{"self":[{"href":"http:\/\/www.rusrim.com\/fr\/wp-json\/wp\/v2\/pages\/911"}],"collection":[{"href":"http:\/\/www.rusrim.com\/fr\/wp-json\/wp\/v2\/pages"}],"about":[{"href":"http:\/\/www.rusrim.com\/fr\/wp-json\/wp\/v2\/types\/page"}],"author":[{"embeddable":true,"href":"http:\/\/www.rusrim.com\/fr\/wp-json\/wp\/v2\/users\/2"}],"replies":[{"embeddable":true,"href":"http:\/\/www.rusrim.com\/fr\/wp-json\/wp\/v2\/comments?post=911"}],"version-history":[{"count":27,"href":"http:\/\/www.rusrim.com\/fr\/wp-json\/wp\/v2\/pages\/911\/revisions"}],"predecessor-version":[{"id":8914,"href":"http:\/\/www.rusrim.com\/fr\/wp-json\/wp\/v2\/pages\/911\/revisions\/8914"}],"up":[{"embeddable":true,"href":"http:\/\/www.rusrim.com\/fr\/wp-json\/wp\/v2\/pages\/640"}],"wp:attachment":[{"href":"http:\/\/www.rusrim.com\/fr\/wp-json\/wp\/v2\/media?parent=911"}],"wp:term":[{"taxonomy":"post_tag","embeddable":true,"href":"http:\/\/www.rusrim.com\/fr\/wp-json\/wp\/v2\/tags?post=911"}],"curies":[{"name":"wp","href":"https:\/\/api.w.org\/{rel}","templated":true}]}}