{"id":948,"date":"2016-01-15T17:28:01","date_gmt":"2016-01-15T17:28:01","guid":{"rendered":"http:\/\/www.rusrim.com\/?page_id=948"},"modified":"2021-08-17T15:31:33","modified_gmt":"2021-08-17T15:31:33","slug":"%d1%8d%d0%bb%d0%b5%d0%ba%d1%82%d1%80%d0%be%d0%bd%d0%bd%d0%b0%d1%8f-%d0%bc%d1%83%d0%b7%d0%b8%d0%ba%d0%b0","status":"publish","type":"page","link":"http:\/\/www.rusrim.com\/fr\/video\/%d1%8d%d0%bb%d0%b5%d0%ba%d1%82%d1%80%d0%be%d0%bd%d0%bd%d0%b0%d1%8f-%d0%bc%d1%83%d0%b7%d0%b8%d0%ba%d0%b0\/","title":{"rendered":"Musique \u00e9lectronique \u00e0 Rome &#8211; Italie"},"content":{"rendered":"<p><\/p>\n<h5 style=\"text-align: center;\"><b>+39 389 5975 184\u00a0<\/b>\u00a0<a href=\"mailto:info@rusrim.com\">info@rusrim.com<\/a><\/h5>\n<h4 style=\"text-align: center;\">Musique \u00e9lectronique \u00e0 Rome &#8211; Italie<\/h4>\n<p><a href=\"http:\/\/www.rusrim.com\/wp-content\/uploads\/2016\/01\/Linux-club-Rome-Adel-Karanov-TOURS-PRIV\u00c9S-A-ROME.jpg\"><img loading=\"lazy\" class=\"wp-image-5576 aligncenter\" src=\"http:\/\/www.rusrim.com\/wp-content\/uploads\/2016\/01\/Linux-club-Rome-Adel-Karanov-TOURS-PRIV\u00c9S-A-ROME-300x213.jpg\" alt=\"Linux club Rome - Adel Karanov - TOURS PRIV\u00c9S A ROME\" width=\"475\" height=\"337\" srcset=\"http:\/\/www.rusrim.com\/wp-content\/uploads\/2016\/01\/Linux-club-Rome-Adel-Karanov-TOURS-PRIV\u00c9S-A-ROME-300x213.jpg 300w, http:\/\/www.rusrim.com\/wp-content\/uploads\/2016\/01\/Linux-club-Rome-Adel-Karanov-TOURS-PRIV\u00c9S-A-ROME-1024x729.jpg 1024w, http:\/\/www.rusrim.com\/wp-content\/uploads\/2016\/01\/Linux-club-Rome-Adel-Karanov-TOURS-PRIV\u00c9S-A-ROME.jpg 1303w\" sizes=\"(max-width: 475px) 100vw, 475px\" \/><\/a><\/p>\n<h3 style=\"text-align: center;\">KARANOV COMPOSITEUR , DANSEUR et\u00a0<span style=\"color: #0000ff;\"><a style=\"color: #0000ff;\" href=\"http:\/\/www.rusrim.com\/fr\/\u0433\u0438\u0434\u044b\/\u0433\u0438\u0434-\u0440\u0438\u043c\/\">GUIDE A ROME<\/a><\/span><\/h3>\n<p><iframe title=\"Command Strange - True Love\" width=\"500\" height=\"375\" src=\"https:\/\/www.youtube.com\/embed\/nexG8S6jg2s?feature=oembed\" frameborder=\"0\" allow=\"accelerometer; autoplay; clipboard-write; encrypted-media; gyroscope; picture-in-picture\" allowfullscreen><\/iframe><\/p>\n<p><iframe title=\"Gux Jimenez - Ceres (Original Mix) Portrait Digital\" width=\"500\" height=\"281\" src=\"https:\/\/www.youtube.com\/embed\/7zRCGWgQgQE?feature=oembed\" frameborder=\"0\" allow=\"accelerometer; autoplay; clipboard-write; encrypted-media; gyroscope; picture-in-picture\" allowfullscreen><\/iframe><\/p>\n<p><a href=\"http:\/\/www.rusrim.com\/wp-content\/uploads\/2016\/01\/Adel-Karanov-and-Dj-Alex-Borzi-TOURS-PRIV\u00c9S-A-ROME.jpg\"><img loading=\"lazy\" class=\"wp-image-5573 aligncenter\" src=\"http:\/\/www.rusrim.com\/wp-content\/uploads\/2016\/01\/Adel-Karanov-and-Dj-Alex-Borzi-TOURS-PRIV\u00c9S-A-ROME-300x224.jpg\" alt=\"Adel Karanov and Dj Alex Borzi \" width=\"502\" height=\"375\" srcset=\"http:\/\/www.rusrim.com\/wp-content\/uploads\/2016\/01\/Adel-Karanov-and-Dj-Alex-Borzi-TOURS-PRIV\u00c9S-A-ROME-300x224.jpg 300w, http:\/\/www.rusrim.com\/wp-content\/uploads\/2016\/01\/Adel-Karanov-and-Dj-Alex-Borzi-TOURS-PRIV\u00c9S-A-ROME-1024x766.jpg 1024w\" sizes=\"(max-width: 502px) 100vw, 502px\" \/><\/a><\/p>\n<h6 style=\"text-align: center;\">Adel Karanov and Dj Alex Borzi &#8211; <span style=\"color: #0000ff;\"><a style=\"color: #0000ff;\" href=\"http:\/\/www.rusrim.com\/fr\/\u0440\u0438\u043c-\u0442\u0443\u0440\u044b-\u043d\u0430-\u043c\u0430\u0448\u0438\u043d\u0435\/\">TOURS PRIV\u00c9S\u00a0en ITALIE<\/a><\/span><\/h6>\n<p><iframe title=\"My Nu Leng - Find You (Original Mix)\" width=\"500\" height=\"281\" src=\"https:\/\/www.youtube.com\/embed\/q5FTujDjqdo?feature=oembed\" frameborder=\"0\" allow=\"accelerometer; autoplay; clipboard-write; encrypted-media; gyroscope; picture-in-picture\" allowfullscreen><\/iframe><\/p>\n<p><iframe title=\"GUCCI Indy Bag - Natasha Poly Model - Music by Adel Karanov Vanita RusRim.com Luxury tours of Italy\" width=\"500\" height=\"375\" src=\"https:\/\/www.youtube.com\/embed\/IlLdw4ckjTc?feature=oembed\" frameborder=\"0\" allow=\"accelerometer; autoplay; clipboard-write; encrypted-media; gyroscope; picture-in-picture\" allowfullscreen><\/iframe><\/p>\n<p><iframe title=\"Monojoke - Hold Me Down (Tom Brady Remix) [SPR057]\" width=\"500\" height=\"281\" src=\"https:\/\/www.youtube.com\/embed\/QX58ZkyVeyo?feature=oembed\" frameborder=\"0\" allow=\"accelerometer; autoplay; clipboard-write; encrypted-media; gyroscope; picture-in-picture\" allowfullscreen><\/iframe><\/p>\n<p><a href=\"http:\/\/www.rusrim.com\/wp-content\/uploads\/2016\/01\/Valentina-Piraino-Alessia-Ferreri-Eliana-Tumminelli-Simone-Burrini-TOURS-PRIV\u00c9S-DE-ROME.jpg\"><img loading=\"lazy\" class=\"wp-image-5571 aligncenter\" src=\"http:\/\/www.rusrim.com\/wp-content\/uploads\/2016\/01\/Valentina-Piraino-Alessia-Ferreri-Eliana-Tumminelli-Simone-Burrini-TOURS-PRIV\u00c9S-DE-ROME-300x225.jpg\" alt=\"Valentina Piraino - Alessia Ferreri - Eliana Tumminelli - Simone Burrini - TOURS PRIV\u00c9S DE ROME\" width=\"511\" height=\"383\" srcset=\"http:\/\/www.rusrim.com\/wp-content\/uploads\/2016\/01\/Valentina-Piraino-Alessia-Ferreri-Eliana-Tumminelli-Simone-Burrini-TOURS-PRIV\u00c9S-DE-ROME-300x225.jpg 300w, http:\/\/www.rusrim.com\/wp-content\/uploads\/2016\/01\/Valentina-Piraino-Alessia-Ferreri-Eliana-Tumminelli-Simone-Burrini-TOURS-PRIV\u00c9S-DE-ROME.jpg 604w\" sizes=\"(max-width: 511px) 100vw, 511px\" \/><\/a><\/p>\n<h6 style=\"text-align: center;\">Suburbia club Rome Italie &#8211; Valentina Piraino &#8211; Alessia Ferreri &#8211; <span style=\"color: #0000ff;\"><a style=\"color: #0000ff;\" href=\"http:\/\/www.rusrim.com\/fr\/\u043f\u043e\u043b\u0435\u0437\u043d\u0430\u044f-\u0438\u043d\u0444\u043e\u0440\u043c\u0430\u0446\u0438\u044f-\u0440\u0438\u043c-\u0438\u043d\u0444\u043e\/\u0435\u043b\u044c\u044f\u043d\u0430-\u0442\u0443\u043c\u043c\u0438\u043d\u0435\u043b\u043b\u0438-\u043d\u0430\u044d\u043b\u0438\u044f\/\">Eliana Tumminelli<\/a> <\/span>&#8211; Simone Burrini<\/h6>\n<p><iframe title=\"Gux Jimenez - Ixion\" width=\"500\" height=\"281\" src=\"https:\/\/www.youtube.com\/embed\/FmEt_hyAvYI?feature=oembed\" frameborder=\"0\" allow=\"accelerometer; autoplay; clipboard-write; encrypted-media; gyroscope; picture-in-picture\" allowfullscreen><\/iframe><\/p>\n<p><iframe title=\"GUCCI WINTER Adel Karanov music RusRim.com \u0413\u0438\u0434 \u0420\u0438\u043c \u0418\u0442\u0430\u043b\u044c\u044f\u043d\u0441\u043a\u0430\u044f \u043c\u043e\u0434\u0430\" width=\"500\" height=\"375\" src=\"https:\/\/www.youtube.com\/embed\/aou677sNopo?feature=oembed\" frameborder=\"0\" allow=\"accelerometer; autoplay; clipboard-write; encrypted-media; gyroscope; picture-in-picture\" allowfullscreen><\/iframe><\/p>\n<h5 style=\"text-align: center;\">Emiliano Pompili &#8211; Simone Burrini &#8211; Adel Karanov &#8211; ROMA OSTIA<\/h5>\n<p><a href=\"http:\/\/www.rusrim.com\/wp-content\/uploads\/2016\/01\/Emiliano-Pompili-Simone-Burrini-Adel-Karanov-TOURS-PRIV\u00c9S-DE-ROME.jpg\"><img loading=\"lazy\" class=\"wp-image-5570 aligncenter\" src=\"http:\/\/www.rusrim.com\/wp-content\/uploads\/2016\/01\/Emiliano-Pompili-Simone-Burrini-Adel-Karanov-TOURS-PRIV\u00c9S-DE-ROME-300x225.jpg\" alt=\"Emiliano Pompili - Simone Burrini - Adel Karanov - TOURS PRIV\u00c9S DE ROME\" width=\"579\" height=\"434\" srcset=\"http:\/\/www.rusrim.com\/wp-content\/uploads\/2016\/01\/Emiliano-Pompili-Simone-Burrini-Adel-Karanov-TOURS-PRIV\u00c9S-DE-ROME-300x225.jpg 300w, http:\/\/www.rusrim.com\/wp-content\/uploads\/2016\/01\/Emiliano-Pompili-Simone-Burrini-Adel-Karanov-TOURS-PRIV\u00c9S-DE-ROME.jpg 604w\" sizes=\"(max-width: 579px) 100vw, 579px\" \/><\/a><\/p>\n<p>&nbsp;<\/p>\n<p><iframe title=\"Seba \u2014 Can&#039;t Describe (Original Mix)\" width=\"500\" height=\"281\" src=\"https:\/\/www.youtube.com\/embed\/fIyTiIA0eyE?feature=oembed\" frameborder=\"0\" allow=\"accelerometer; autoplay; clipboard-write; encrypted-media; gyroscope; picture-in-picture\" allowfullscreen><\/iframe><\/p>\n<p><iframe title=\"Lights - Toes (Scullious Remix)\" width=\"500\" height=\"281\" src=\"https:\/\/www.youtube.com\/embed\/TzQnin1lkdY?feature=oembed\" frameborder=\"0\" allow=\"accelerometer; autoplay; clipboard-write; encrypted-media; gyroscope; picture-in-picture\" allowfullscreen><\/iframe><\/p>\n<h5 style=\"text-align: center;\">Adel Karanov &#8211; Linux club Rome Italie<\/h5>\n<p><a href=\"http:\/\/www.rusrim.com\/wp-content\/uploads\/2016\/01\/Adel-Karanov-DJ-performance-in-Linux-club-Rome-TOURS-PRIV\u00c9S-A-ROME.jpg\"><img loading=\"lazy\" class=\"wp-image-5574 aligncenter\" src=\"http:\/\/www.rusrim.com\/wp-content\/uploads\/2016\/01\/Adel-Karanov-DJ-performance-in-Linux-club-Rome-TOURS-PRIV\u00c9S-A-ROME-300x202.jpg\" alt=\"Adel Karanov DJ performance in Linux club Rome - TOURS PRIV\u00c9S A ROME\" width=\"521\" height=\"351\" srcset=\"http:\/\/www.rusrim.com\/wp-content\/uploads\/2016\/01\/Adel-Karanov-DJ-performance-in-Linux-club-Rome-TOURS-PRIV\u00c9S-A-ROME-300x202.jpg 300w, http:\/\/www.rusrim.com\/wp-content\/uploads\/2016\/01\/Adel-Karanov-DJ-performance-in-Linux-club-Rome-TOURS-PRIV\u00c9S-A-ROME-1024x688.jpg 1024w, http:\/\/www.rusrim.com\/wp-content\/uploads\/2016\/01\/Adel-Karanov-DJ-performance-in-Linux-club-Rome-TOURS-PRIV\u00c9S-A-ROME.jpg 1319w\" sizes=\"(max-width: 521px) 100vw, 521px\" \/><\/a><\/p>\n<h6 style=\"text-align: center;\"><span style=\"color: #0000ff;\"><a style=\"color: #0000ff;\" href=\"http:\/\/www.rusrim.com\/fr\/\u0433\u0438\u0434\u044b\/\u0433\u0438\u0434-\u0440\u0438\u043c\/\">Adel Karanov<\/a><\/span> DJ performance in Linux club Rome &#8211; <span style=\"color: #0000ff;\"><a style=\"color: #0000ff;\" href=\"http:\/\/www.rusrim.com\/fr\/\u0440\u0438\u043c-\u0442\u0443\u0440\u044b-\u043d\u0430-\u043c\u0430\u0448\u0438\u043d\u0435\/\">TOURS PRIV\u00c9S A ROME<\/a><\/span><\/h6>\n<p><iframe title=\"Wilkinson - Sleepless\" width=\"500\" height=\"281\" src=\"https:\/\/www.youtube.com\/embed\/iABP9DTqNhE?feature=oembed\" frameborder=\"0\" allow=\"accelerometer; autoplay; clipboard-write; encrypted-media; gyroscope; picture-in-picture\" allowfullscreen><\/iframe><\/p>\n<p><iframe title=\"Fourward - Countdown (Ft. Kyza)\" width=\"500\" height=\"281\" src=\"https:\/\/www.youtube.com\/embed\/dm_n0sIRvQU?feature=oembed\" frameborder=\"0\" allow=\"accelerometer; autoplay; clipboard-write; encrypted-media; gyroscope; picture-in-picture\" allowfullscreen><\/iframe><\/p>\n<h5 style=\"text-align: center;\">DJ Alex Alessandro Borzi and\u00a0<span style=\"color: #0000ff;\"><a style=\"color: #0000ff;\" href=\"http:\/\/www.rusrim.com\/fr\/\u0433\u0438\u0434\u044b\/\u0433\u0438\u0434-\u0440\u0438\u043c\/\">Adel Karanov<\/a><\/span>\u00a0&#8211;\u00a0<span style=\"color: #0000ff;\"><a style=\"color: #0000ff;\" href=\"http:\/\/www.rusrim.com\/fr\/\u0440\u0438\u043c-\u0442\u0443\u0440\u044b-\u043d\u0430-\u043c\u0430\u0448\u0438\u043d\u0435\/\">TOURS PRIV\u00c9S A ROME<\/a><\/span><\/h5>\n<p><a href=\"http:\/\/www.rusrim.com\/wp-content\/uploads\/2016\/01\/DJ-Alex-Alessandro-Borzi-and-Adel-Karanov-TOURS-PRIV\u00c9S-A-ROME-.jpg\"><img loading=\"lazy\" class=\"wp-image-5575 aligncenter\" src=\"http:\/\/www.rusrim.com\/wp-content\/uploads\/2016\/01\/DJ-Alex-Alessandro-Borzi-and-Adel-Karanov-TOURS-PRIV\u00c9S-A-ROME--300x223.jpg\" alt=\"DJ Alex Alessandro Borzi and Adel Karanov - TOURS PRIV\u00c9S A ROME\" width=\"552\" height=\"410\" srcset=\"http:\/\/www.rusrim.com\/wp-content\/uploads\/2016\/01\/DJ-Alex-Alessandro-Borzi-and-Adel-Karanov-TOURS-PRIV\u00c9S-A-ROME--300x223.jpg 300w, http:\/\/www.rusrim.com\/wp-content\/uploads\/2016\/01\/DJ-Alex-Alessandro-Borzi-and-Adel-Karanov-TOURS-PRIV\u00c9S-A-ROME-.jpg 720w\" sizes=\"(max-width: 552px) 100vw, 552px\" \/><\/a><\/p>\n<p><iframe title=\"Anile - Requiem\" width=\"500\" height=\"281\" src=\"https:\/\/www.youtube.com\/embed\/d4y1WmYxL-0?feature=oembed\" frameborder=\"0\" allow=\"accelerometer; autoplay; clipboard-write; encrypted-media; gyroscope; picture-in-picture\" allowfullscreen><\/iframe><\/p>\n<p>&nbsp;<\/p>\n<p><iframe title=\"Above &amp; Beyond ft. Zoe Johnston - Love Is Not Enough (MRZO remix)\" width=\"500\" height=\"281\" src=\"https:\/\/www.youtube.com\/embed\/w5GUdFDT_tI?feature=oembed\" frameborder=\"0\" allow=\"accelerometer; autoplay; clipboard-write; encrypted-media; gyroscope; picture-in-picture\" allowfullscreen><\/iframe><\/p>\n<p><iframe title=\"Bachelors Of Science - The Ice Dance (Lenzman Remix)\" width=\"500\" height=\"281\" src=\"https:\/\/www.youtube.com\/embed\/Xify_-f5-ls?feature=oembed\" frameborder=\"0\" allow=\"accelerometer; autoplay; clipboard-write; encrypted-media; gyroscope; picture-in-picture\" allowfullscreen><\/iframe><\/p>\n<p><iframe title=\"Seba - Never Let You Go\" width=\"500\" height=\"281\" src=\"https:\/\/www.youtube.com\/embed\/j6HzcdtO-2E?feature=oembed\" frameborder=\"0\" allow=\"accelerometer; autoplay; clipboard-write; encrypted-media; gyroscope; picture-in-picture\" allowfullscreen><\/iframe><\/p>\n<p><iframe title=\"Fred V &amp; Grafix - Major Happy - Video By Max Palmer\" width=\"500\" height=\"281\" src=\"https:\/\/www.youtube.com\/embed\/lekF7y4Am4U?feature=oembed\" frameborder=\"0\" allow=\"accelerometer; autoplay; clipboard-write; encrypted-media; gyroscope; picture-in-picture\" allowfullscreen><\/iframe><\/p>\n<p><iframe title=\"Royalston - Jungle Gone Down (feat. August Storm) - Official Video\" width=\"500\" height=\"281\" src=\"https:\/\/www.youtube.com\/embed\/KnMOFpahPnY?feature=oembed\" frameborder=\"0\" allow=\"accelerometer; autoplay; clipboard-write; encrypted-media; gyroscope; picture-in-picture\" allowfullscreen><\/iframe><\/p>\n<p><iframe title=\"Calibre &amp; High Contrast - Mr Majestic HD\" width=\"500\" height=\"281\" src=\"https:\/\/www.youtube.com\/embed\/Nswe73umPQk?feature=oembed\" frameborder=\"0\" allow=\"accelerometer; autoplay; clipboard-write; encrypted-media; gyroscope; picture-in-picture\" allowfullscreen><\/iframe><\/p>\n<p><iframe title=\"Tritonal feat. Christina Soto - Forgive Me, Forget You (Ashley Wallbridge Remix)\" width=\"500\" height=\"375\" src=\"https:\/\/www.youtube.com\/embed\/JyBc3XdggGU?feature=oembed\" frameborder=\"0\" allow=\"accelerometer; autoplay; clipboard-write; encrypted-media; gyroscope; picture-in-picture\" allowfullscreen><\/iframe><\/p>\n<h5 style=\"text-align: center;\"><span style=\"color: #0000ff;\"><a style=\"color: #0000ff;\" href=\"http:\/\/www.rusrim.com\/fr\/\">Tours individuels<\/a><\/span> avec chauffeur\/<span style=\"color: #0000ff;\"><a style=\"color: #0000ff;\" href=\"http:\/\/www.rusrim.com\/fr\/%D0%B3%D0%B8%D0%B4%D1%8B\/%D0%B3%D0%B8%D0%B4-%D1%80%D0%B8%D0%BC\/\">guide<\/a><\/span>-conf\u00e9rencier \u00e0 Rome, Le Vatican, et les r\u00e9gions du LATIUM (Tivoli, Chateaux Romains, Tarquinie) et TOSCANE (Florence, Sienne, Capalbe, Argentaire, Pise), OMBRIE (Orvieto, Assise, P\u00e9rouse) ABRUZZES ( Gran Sasso, l\u2019Aquila) CAMPANIE ( Pomp\u00e9i et Amalfi) avec chauffeur\/guide-conf\u00e9rencier Anglais, Fran\u00e7ais, Russe, Bulgare et Allemand.<\/h5>\n<h5 style=\"text-align: center;\"><b>+39 389 5975 184\u00a0<\/b>\u00a0<a href=\"mailto:info@rusrim.com\">info@rusrim.com<\/a><\/h5>\n<p><\/p>","protected":false},"excerpt":{"rendered":"<p>+39 389 5975 184\u00a0\u00a0info@rusrim.com Musique \u00e9lectronique \u00e0 Rome &#8211; Italie KARANOV COMPOSITEUR , DANSEUR et\u00a0GUIDE A ROME Adel Karanov and Dj Alex Borzi &#8211; TOURS PRIV\u00c9S\u00a0en ITALIE Suburbia club Rome Italie &#8211; Valentina Piraino &#8211; Alessia Ferreri &#8211; Eliana Tumminelli &#8211; Simone Burrini Emiliano Pompili &#8211; Simone Burrini &#8211; Adel Karanov &#8211; ROMA OSTIA &nbsp; [&hellip;]<\/p>\n","protected":false},"author":2,"featured_media":0,"parent":640,"menu_order":13,"comment_status":"closed","ping_status":"closed","template":"","meta":[],"tags":[1377,3082,3081,3089,3077,626,3083,3086,3084,3087,3088,3078,3085,3079,3080,3010,3009,3008],"_links":{"self":[{"href":"http:\/\/www.rusrim.com\/fr\/wp-json\/wp\/v2\/pages\/948"}],"collection":[{"href":"http:\/\/www.rusrim.com\/fr\/wp-json\/wp\/v2\/pages"}],"about":[{"href":"http:\/\/www.rusrim.com\/fr\/wp-json\/wp\/v2\/types\/page"}],"author":[{"embeddable":true,"href":"http:\/\/www.rusrim.com\/fr\/wp-json\/wp\/v2\/users\/2"}],"replies":[{"embeddable":true,"href":"http:\/\/www.rusrim.com\/fr\/wp-json\/wp\/v2\/comments?post=948"}],"version-history":[{"count":46,"href":"http:\/\/www.rusrim.com\/fr\/wp-json\/wp\/v2\/pages\/948\/revisions"}],"predecessor-version":[{"id":8915,"href":"http:\/\/www.rusrim.com\/fr\/wp-json\/wp\/v2\/pages\/948\/revisions\/8915"}],"up":[{"embeddable":true,"href":"http:\/\/www.rusrim.com\/fr\/wp-json\/wp\/v2\/pages\/640"}],"wp:attachment":[{"href":"http:\/\/www.rusrim.com\/fr\/wp-json\/wp\/v2\/media?parent=948"}],"wp:term":[{"taxonomy":"post_tag","embeddable":true,"href":"http:\/\/www.rusrim.com\/fr\/wp-json\/wp\/v2\/tags?post=948"}],"curies":[{"name":"wp","href":"https:\/\/api.w.org\/{rel}","templated":true}]}}