{"id":982,"date":"2016-01-15T19:21:57","date_gmt":"2016-01-15T19:21:57","guid":{"rendered":"http:\/\/www.rusrim.com\/?page_id=982"},"modified":"2021-08-17T14:11:04","modified_gmt":"2021-08-17T14:11:04","slug":"%d0%b0%d1%82%d0%be%d0%bd-%d0%b4%d0%b8%d0%bd%d0%be-%d0%b2%d0%b5%d1%80%d0%b3%d0%b0-%d0%b1%d0%b0%d0%bb%d0%b5%d1%82-%d0%b2-%d1%80%d0%b8%d0%bc%d0%b5","status":"publish","type":"page","link":"http:\/\/www.rusrim.com\/fr\/video\/%d0%b0%d1%82%d0%be%d0%bd-%d0%b4%d0%b8%d0%bd%d0%be-%d0%b2%d0%b5%d1%80%d0%b3%d0%b0-%d0%b1%d0%b0%d0%bb%d0%b5%d1%82-%d0%b2-%d1%80%d0%b8%d0%bc%d0%b5\/","title":{"rendered":"ATON Dino Verga Spectacle de danse \u00e0 Rome"},"content":{"rendered":"<p><\/p>\n<h5 class=\"western\" align=\"CENTER\"><\/h5>\n<h3 class=\"western\" align=\"CENTER\"><span style=\"color: #800000;\">Luca Russo performe CORPO &#8211; musique\u00a0\u00a0<span style=\"color: #0000ff;\"><a style=\"color: #0000ff;\" href=\"http:\/\/www.rusrim.com\/fr\/\u0433\u0438\u0434\u044b\/\u0433\u0438\u0434-\u0440\u0438\u043c\/\">Adel Karanov<\/a>\u00a0&#8211;\u00a0\u00a0<\/span><\/span><em><span style=\"color: #800000;\">ATON Dino Verga danza<\/span><\/em><\/h3>\n<p><iframe title=\"Corpo - Aton Dino Verga Danza \u0421\u043e\u0432\u0440\u0435\u043c\u0435\u043d\u043d\u043e\u0435 \u0438\u0441\u043a\u0443\u0441\u0441\u0442\u0432\u043e \u0432 \u0418\u0442\u0430\u043b\u0438\u0438 RusRim.com Italy private art tour\" width=\"500\" height=\"375\" src=\"https:\/\/www.youtube.com\/embed\/TNe-wEdXuck?feature=oembed\" frameborder=\"0\" allow=\"accelerometer; autoplay; clipboard-write; encrypted-media; gyroscope; picture-in-picture\" allowfullscreen><\/iframe><\/p>\n<h5 class=\"western\" lang=\"en-US\" style=\"text-align: justify;\" align=\"CENTER\">ATON &#8211; DINO VERGA DANZA continue sur la voie artistique du Gruppo Ricerca Coreografica ATON, la compagnie n\u00e9e en 1988 et qui s&#8217;est produite dans toute l&#8217;Italie et en Europe jusqu&#8217;en 1994. En 1996, la nouvelle soci\u00e9t\u00e9, fond\u00e9e par Dino Verga et Luca Russo, a acquis le nouveau nom. La premi\u00e8re chor\u00e9graphie du nouvel ATON &#8211; D.V.D. est Risveglio di Primavera (1997). La m\u00eame ann\u00e9e, le gouvernement italien, D\u00e9partement des arts du spectacle, reconna\u00eet les m\u00e9rites artistiques de la compagnie en attribuant une sous-tutelle d&#8217;\u00c9tat \u00e0 sa premi\u00e8re instance. En vingt-six ans de travail, dont seize r\u00e9guli\u00e8rement subventionn\u00e9s par le minist\u00e8re du Patrimoine et de la Culture, l&#8217;entreprise a pr\u00e9sent\u00e9 plus de cinquante spectacles, avec une activit\u00e9 de production constante et assidue, participant \u00e0 des \u00e9v\u00e9nements et festivals en Italie et \u00e0 l&#8217;\u00e9tranger, comme Spoleto Festival, AddaDanza \u00e0 Milan, Invito alla Danza \u00e0 Rome, SalernoDanza, mais aussi \u00e0 Paris, Malte, Tunis, Amsterdam, Prague et bien d&#8217;autres. Apr\u00e8s de nombreuses ann\u00e9es de pr\u00e9sence assidue au Cunningham Studio \u00e0 New York par les deux fondateurs, Aton &#8211; Dino Verga Danza, a obtenu en 2004 les droits d&#8217;auteur pour repr\u00e9senter \u00abCross Currents\u00bb, la seule soci\u00e9t\u00e9 en Italie \u00e0 avoir le privil\u00e8ge de se vanter dans son r\u00e9pertoire une chor\u00e9graphie de Merce Cunningham. Depuis 2011, l&#8217;entreprise travaille en r\u00e9sidence au Teatro Greco de Rome.<\/h5>\n<h5 style=\"text-align: center;\">Luca Russo &#8211; Rome &#8211; Italie<\/h5>\n<p><a href=\"http:\/\/www.rusrim.com\/wp-content\/uploads\/2016\/01\/dino-verga-rome-dance-conpany.jpg\"><img loading=\"lazy\" class=\"wp-image-1025 aligncenter\" src=\"http:\/\/www.rusrim.com\/wp-content\/uploads\/2016\/01\/dino-verga-rome-dance-conpany.jpg\" alt=\"dino verga rome dance conpany\" width=\"528\" height=\"396\" \/><\/a>\u00a0<a href=\"http:\/\/www.rusrim.com\/wp-content\/uploads\/2016\/01\/dino-verga-dance-tour.jpg\"><img loading=\"lazy\" class=\"wp-image-1024 aligncenter\" src=\"http:\/\/www.rusrim.com\/wp-content\/uploads\/2016\/01\/dino-verga-dance-tour.jpg\" alt=\"dino verga dance tour\" width=\"629\" height=\"418\" \/><\/a><\/p>\n<h3 align=\"CENTER\"><span style=\"color: #800000;\">Punto di fuga \u2014 <span style=\"color: #0000ff;\"><a style=\"color: #0000ff;\" href=\"https:\/\/atondinovergadanza.wixsite.com\/atondvd\">Aton<\/a><\/span> Dino Verga Danza<\/span><\/h3>\n<p><iframe title=\"Punto di fuga - Aton Dino Verga Danza\" width=\"500\" height=\"375\" src=\"https:\/\/www.youtube.com\/embed\/1HRnrgcVIjI?feature=oembed\" frameborder=\"0\" allow=\"accelerometer; autoplay; clipboard-write; encrypted-media; gyroscope; picture-in-picture\" allowfullscreen><\/iframe><\/p>\n<h5>Luca Russo listen the new music for the project CORPO by<span style=\"color: #0000ff;\">\u00a0<a style=\"color: #0000ff;\" href=\"https:\/\/www.youtube.com\/channel\/UC0pHqm_4i15pHfuYBNCO3lQ\">Adel Karanov<\/a><\/span><\/h5>\n<p><a href=\"http:\/\/www.rusrim.com\/wp-content\/uploads\/2016\/01\/Luca-Russo-listen-the-new-music-for-the-project-CORPO-by-Adel-Karanov.jpg\"><img loading=\"lazy\" class=\" wp-image-5432 aligncenter\" src=\"http:\/\/www.rusrim.com\/wp-content\/uploads\/2016\/01\/Luca-Russo-listen-the-new-music-for-the-project-CORPO-by-Adel-Karanov-225x300.jpg\" alt=\"Luca Russo listen the new music for the project CORPO by Adel Karanov\" width=\"435\" height=\"580\" srcset=\"http:\/\/www.rusrim.com\/wp-content\/uploads\/2016\/01\/Luca-Russo-listen-the-new-music-for-the-project-CORPO-by-Adel-Karanov-225x300.jpg 225w, http:\/\/www.rusrim.com\/wp-content\/uploads\/2016\/01\/Luca-Russo-listen-the-new-music-for-the-project-CORPO-by-Adel-Karanov-768x1024.jpg 768w, http:\/\/www.rusrim.com\/wp-content\/uploads\/2016\/01\/Luca-Russo-listen-the-new-music-for-the-project-CORPO-by-Adel-Karanov.jpg 1704w\" sizes=\"(max-width: 435px) 100vw, 435px\" \/><\/a><\/p>\n<h5 class=\"western\" lang=\"en-US\" align=\"CENTER\"><\/h5>\n<h5 class=\"western\" lang=\"en-US\" style=\"text-align: center;\" align=\"CENTER\"><span style=\"color: #0000ff;\"><a style=\"color: #0000ff;\" href=\"https:\/\/www.youtube.com\/watch?v=TNe-wEdXuck&amp;t=116s\">Corpo<\/a><\/span>\u00a0&#8211; Aton Dino verga Luca Russo &#8211; foto M. Mancini<\/h5>\n<p><a href=\"http:\/\/www.rusrim.com\/wp-content\/uploads\/2016\/01\/Corpo-Aton-Dino-verga-Luca-Russo.jpg\"><img loading=\"lazy\" class=\" wp-image-5431 aligncenter\" src=\"http:\/\/www.rusrim.com\/wp-content\/uploads\/2016\/01\/Corpo-Aton-Dino-verga-Luca-Russo-300x255.jpg\" alt=\"Corpo - Aton Dino verga Luca Russo\" width=\"432\" height=\"367\" srcset=\"http:\/\/www.rusrim.com\/wp-content\/uploads\/2016\/01\/Corpo-Aton-Dino-verga-Luca-Russo-300x255.jpg 300w, http:\/\/www.rusrim.com\/wp-content\/uploads\/2016\/01\/Corpo-Aton-Dino-verga-Luca-Russo.jpg 800w\" sizes=\"(max-width: 432px) 100vw, 432px\" \/><\/a><\/p>\n<h5 style=\"text-align: center;\"><span style=\"color: #0000ff;\"><a style=\"color: #0000ff;\" href=\"https:\/\/atondinovergadanza.wixsite.com\/atondvd\">Aton dino verga danza<\/a><\/span>\u00a0&#8211; Journ\u00e9es th\u00e9\u00e2trales de Carthage<\/h5>\n<p><a href=\"http:\/\/www.rusrim.com\/wp-content\/uploads\/2016\/01\/aton-dino-verga-danza-Journ\u00e9es-th\u00e9\u00e2trales-de-Carthage.jpg\"><img loading=\"lazy\" class=\" wp-image-5429 aligncenter\" src=\"http:\/\/www.rusrim.com\/wp-content\/uploads\/2016\/01\/aton-dino-verga-danza-Journ\u00e9es-th\u00e9\u00e2trales-de-Carthage-300x225.jpg\" alt=\"aton dino verga danza - Journ\u00e9es th\u00e9\u00e2trales de Carthage\" width=\"433\" height=\"325\" srcset=\"http:\/\/www.rusrim.com\/wp-content\/uploads\/2016\/01\/aton-dino-verga-danza-Journ\u00e9es-th\u00e9\u00e2trales-de-Carthage-300x225.jpg 300w, http:\/\/www.rusrim.com\/wp-content\/uploads\/2016\/01\/aton-dino-verga-danza-Journ\u00e9es-th\u00e9\u00e2trales-de-Carthage-1024x768.jpg 1024w\" sizes=\"(max-width: 433px) 100vw, 433px\" \/><\/a><\/p>\n<h5 style=\"text-align: center;\"><\/h5>\n<h5 style=\"text-align: center;\">Christiana Milioni\u00a0et\u00a0<span style=\"color: #0000ff;\"><a style=\"color: #0000ff;\" href=\"http:\/\/www.rusrim.com\/fr\/\u0433\u0438\u0434\u044b\/\u0433\u0438\u0434-\u0440\u0438\u043c\/\">Adel Karanov<\/a>\u00a0<\/span>JTC<\/h5>\n<h5 style=\"text-align: center;\"><span style=\"color: #0000ff;\"><a style=\"color: #0000ff;\" href=\"https:\/\/www.facebook.com\/JTCTunisie\/\">Journ\u00e9es th\u00e9\u00e2trales de Carthage<\/a><\/span><\/h5>\n<p><a href=\"http:\/\/www.rusrim.com\/wp-content\/uploads\/2016\/01\/Christiana-Milioni-and-Adel-Karanov-JTC.jpg\"><img loading=\"lazy\" class=\" wp-image-5430 aligncenter\" src=\"http:\/\/www.rusrim.com\/wp-content\/uploads\/2016\/01\/Christiana-Milioni-and-Adel-Karanov-JTC-225x300.jpg\" alt=\"Christiana Milioni and Adel Karanov JTC\" width=\"311\" height=\"415\" srcset=\"http:\/\/www.rusrim.com\/wp-content\/uploads\/2016\/01\/Christiana-Milioni-and-Adel-Karanov-JTC-225x300.jpg 225w, http:\/\/www.rusrim.com\/wp-content\/uploads\/2016\/01\/Christiana-Milioni-and-Adel-Karanov-JTC-768x1024.jpg 768w, http:\/\/www.rusrim.com\/wp-content\/uploads\/2016\/01\/Christiana-Milioni-and-Adel-Karanov-JTC.jpg 1704w\" sizes=\"(max-width: 311px) 100vw, 311px\" \/><\/a><\/p>\n<h5 class=\"western\" lang=\"en-US\" align=\"CENTER\">Art tours in Rome with local guide and car<\/h5>\n<h4 style=\"text-align: center;\"><span style=\"color: #0000ff;\"><a style=\"color: #0000ff;\" href=\"http:\/\/www.rusrim.com\/fr\/\">TOURS PRIVE A ROME ET DE ROME<\/a><\/span><\/h4>\n<h5 style=\"text-align: center;\"><span style=\"color: #993300;\"><span style=\"color: #800000;\"><span style=\"font-family: Loma;\"><b>+39 389 5975 184\u00a0<\/b><\/span><\/span><\/span><span style=\"color: #800000;\">\u00a0<\/span><span style=\"color: #800000;\"><a href=\"mailto:info@rusrim.com\">info@rusrim.com\u00a0<\/a><\/span><span style=\"color: #993300;\"><span style=\"color: #800000;\"><span style=\"font-family: Loma;\"><b>+39\u00a0329 44 83 644<\/b><\/span><\/span><\/span><\/h5>\n<p><\/p>","protected":false},"excerpt":{"rendered":"<p>Luca Russo performe CORPO &#8211; musique\u00a0\u00a0Adel Karanov\u00a0&#8211;\u00a0\u00a0ATON Dino Verga danza ATON &#8211; DINO VERGA DANZA continue sur la voie artistique du Gruppo Ricerca Coreografica ATON, la compagnie n\u00e9e en 1988 et qui s&#8217;est produite dans toute l&#8217;Italie et en Europe jusqu&#8217;en 1994. En 1996, la nouvelle soci\u00e9t\u00e9, fond\u00e9e par Dino Verga et Luca Russo, a [&hellip;]<\/p>\n","protected":false},"author":2,"featured_media":0,"parent":640,"menu_order":5,"comment_status":"closed","ping_status":"closed","template":"","meta":[],"tags":[635,730,1236,1212,1232,1238,1235,1237,1234,1239,59,1225,1233,146,1240,1241],"_links":{"self":[{"href":"http:\/\/www.rusrim.com\/fr\/wp-json\/wp\/v2\/pages\/982"}],"collection":[{"href":"http:\/\/www.rusrim.com\/fr\/wp-json\/wp\/v2\/pages"}],"about":[{"href":"http:\/\/www.rusrim.com\/fr\/wp-json\/wp\/v2\/types\/page"}],"author":[{"embeddable":true,"href":"http:\/\/www.rusrim.com\/fr\/wp-json\/wp\/v2\/users\/2"}],"replies":[{"embeddable":true,"href":"http:\/\/www.rusrim.com\/fr\/wp-json\/wp\/v2\/comments?post=982"}],"version-history":[{"count":25,"href":"http:\/\/www.rusrim.com\/fr\/wp-json\/wp\/v2\/pages\/982\/revisions"}],"predecessor-version":[{"id":8901,"href":"http:\/\/www.rusrim.com\/fr\/wp-json\/wp\/v2\/pages\/982\/revisions\/8901"}],"up":[{"embeddable":true,"href":"http:\/\/www.rusrim.com\/fr\/wp-json\/wp\/v2\/pages\/640"}],"wp:attachment":[{"href":"http:\/\/www.rusrim.com\/fr\/wp-json\/wp\/v2\/media?parent=982"}],"wp:term":[{"taxonomy":"post_tag","embeddable":true,"href":"http:\/\/www.rusrim.com\/fr\/wp-json\/wp\/v2\/tags?post=982"}],"curies":[{"name":"wp","href":"https:\/\/api.w.org\/{rel}","templated":true}]}}