{"id":990,"date":"2016-01-15T22:22:08","date_gmt":"2016-01-15T22:22:08","guid":{"rendered":"http:\/\/www.rusrim.com\/?page_id=990"},"modified":"2021-08-17T14:11:52","modified_gmt":"2021-08-17T14:11:52","slug":"%d0%b5%d0%bb%d1%8c%d1%8f%d0%bd%d0%b0-%d1%82%d1%83%d0%bc%d0%bc%d0%b8%d0%bd%d0%b5%d0%bb%d0%bb%d0%b8-%d0%bd%d0%b0%d1%8d%d0%bb%d0%b8%d1%8f","status":"publish","type":"page","link":"http:\/\/www.rusrim.com\/fr\/video\/%d0%b5%d0%bb%d1%8c%d1%8f%d0%bd%d0%b0-%d1%82%d1%83%d0%bc%d0%bc%d0%b8%d0%bd%d0%b5%d0%bb%d0%bb%d0%b8-%d0%bd%d0%b0%d1%8d%d0%bb%d0%b8%d1%8f\/","title":{"rendered":"Naelia &#8211; Eliana Tumminelli"},"content":{"rendered":"<p><\/p>\n<h5 style=\"text-align: center;\"><b>+39 389 5975 184\u00a0<\/b>\u00a0<a href=\"mailto:info@rusrim.com\">info@rusrim.com<\/a><\/h5>\n<p style=\"text-align: center;\" align=\"JUSTIFY\"><a href=\"http:\/\/www.rusrim.com\/wp-content\/uploads\/2016\/01\/eliana.jpg\"><img loading=\"lazy\" class=\"alignnone size-medium wp-image-993\" src=\"http:\/\/www.rusrim.com\/wp-content\/uploads\/2016\/01\/eliana-300x220.jpg\" alt=\"Eliana Naelia Roma\" width=\"300\" height=\"220\" srcset=\"http:\/\/www.rusrim.com\/wp-content\/uploads\/2016\/01\/eliana-300x220.jpg 300w, http:\/\/www.rusrim.com\/wp-content\/uploads\/2016\/01\/eliana.jpg 960w\" sizes=\"(max-width: 300px) 100vw, 300px\" \/><\/a><\/p>\n<h3 class=\"western\" align=\"CENTER\"><span style=\"color: #800000;\">Naelia\u00a0&#8211; Eliana Tumminelli\u00a0<\/span><\/h3>\n<p><iframe title=\"NaElia - Il Cielo (live)\" width=\"500\" height=\"375\" src=\"https:\/\/www.youtube.com\/embed\/Xdhkozs5KIE?feature=oembed\" frameborder=\"0\" allow=\"accelerometer; autoplay; clipboard-write; encrypted-media; gyroscope; picture-in-picture\" allowfullscreen><\/iframe><\/p>\n<p><iframe title=\"NaElia - Camaleonte\" width=\"500\" height=\"375\" src=\"https:\/\/www.youtube.com\/embed\/xioD_5-0UK8?feature=oembed\" frameborder=\"0\" allow=\"accelerometer; autoplay; clipboard-write; encrypted-media; gyroscope; picture-in-picture\" allowfullscreen><\/iframe><\/p>\n<h5 style=\"text-align: center;\">Eliana Tumminelli et Adel Karanov studio de musique &#8211;\u00a0Rome &#8211; Italie<\/h5>\n<h5 style=\"text-align: center;\"><a href=\"http:\/\/www.rusrim.com\/wp-content\/uploads\/2016\/01\/Eliana-Tumminelli-and-Adel-Karanov-studio-de-musique-Tour-en-italie.jpg\"><img loading=\"lazy\" class=\" wp-image-5681 aligncenter\" src=\"http:\/\/www.rusrim.com\/wp-content\/uploads\/2016\/01\/Eliana-Tumminelli-and-Adel-Karanov-studio-de-musique-Tour-en-italie-300x225.jpg\" alt=\"Eliana Tumminelli and Adel Karanov studio de musique - Tour en italie\" width=\"516\" height=\"387\" srcset=\"http:\/\/www.rusrim.com\/wp-content\/uploads\/2016\/01\/Eliana-Tumminelli-and-Adel-Karanov-studio-de-musique-Tour-en-italie-300x225.jpg 300w, http:\/\/www.rusrim.com\/wp-content\/uploads\/2016\/01\/Eliana-Tumminelli-and-Adel-Karanov-studio-de-musique-Tour-en-italie-1024x768.jpg 1024w\" sizes=\"(max-width: 516px) 100vw, 516px\" \/><\/a><\/h5>\n<h5 style=\"text-align: center;\">Naelia &#8211; Concert aux Chateaux romain &#8211; Ariccia &#8211; Italie<\/h5>\n<p><a href=\"http:\/\/www.rusrim.com\/wp-content\/uploads\/2016\/01\/Naelia-Concert-aux-Chateaux-romain-ariccia-Italy.jpg\"><img loading=\"lazy\" class=\" wp-image-5682 aligncenter\" src=\"http:\/\/www.rusrim.com\/wp-content\/uploads\/2016\/01\/Naelia-Concert-aux-Chateaux-romain-ariccia-Italy-300x199.jpg\" alt=\"Naelia - Concert aux Chateaux romain - ariccia - Italy\" width=\"568\" height=\"377\" srcset=\"http:\/\/www.rusrim.com\/wp-content\/uploads\/2016\/01\/Naelia-Concert-aux-Chateaux-romain-ariccia-Italy-300x199.jpg 300w, http:\/\/www.rusrim.com\/wp-content\/uploads\/2016\/01\/Naelia-Concert-aux-Chateaux-romain-ariccia-Italy-1024x680.jpg 1024w\" sizes=\"(max-width: 568px) 100vw, 568px\" \/><\/a><\/p>\n<h5 style=\"text-align: center;\">Naelia et Adel Karanov &#8211; Ariccia &#8211; Italie<\/h5>\n<p><a href=\"http:\/\/www.rusrim.com\/wp-content\/uploads\/2016\/01\/Naelia-et-Adel-Karanov-Ariccia-Italy.jpg\"><img loading=\"lazy\" class=\" wp-image-5683 aligncenter\" src=\"http:\/\/www.rusrim.com\/wp-content\/uploads\/2016\/01\/Naelia-et-Adel-Karanov-Ariccia-Italy-300x199.jpg\" alt=\"Naelia et Adel Karanov - Ariccia - Italy\" width=\"627\" height=\"416\" srcset=\"http:\/\/www.rusrim.com\/wp-content\/uploads\/2016\/01\/Naelia-et-Adel-Karanov-Ariccia-Italy-300x199.jpg 300w, http:\/\/www.rusrim.com\/wp-content\/uploads\/2016\/01\/Naelia-et-Adel-Karanov-Ariccia-Italy-1024x680.jpg 1024w\" sizes=\"(max-width: 627px) 100vw, 627px\" \/><\/a><\/p>\n<p>&nbsp;<\/p>\n<p><iframe title=\"NaElia - Dindi\" width=\"500\" height=\"281\" src=\"https:\/\/www.youtube.com\/embed\/K9we7E4CMOM?feature=oembed\" frameborder=\"0\" allow=\"accelerometer; autoplay; clipboard-write; encrypted-media; gyroscope; picture-in-picture\" allowfullscreen><\/iframe><\/p>\n<h5 style=\"text-align: center;\">Eliana Tumminelli Naelia &#8211; Ambassade de Tunisie a Rome<\/h5>\n<p><a href=\"http:\/\/www.rusrim.com\/wp-content\/uploads\/2016\/01\/\u041d\u0430\u0435\u043b\u0438\u044f-\u0432-\u043f\u043e\u0441\u043e\u043b\u0441\u0442\u0432\u043e-\u043d\u0430-\u0422\u0443\u043d\u0438\u0441-\u0432-\u0420\u0438\u043c-\u0415\u043a\u0441\u043a\u0443\u0440\u0437\u0438\u0438-\u0432-\u0418\u0442\u0430\u043b\u0438\u044f.jpg\"><img loading=\"lazy\" class=\" wp-image-5675 aligncenter\" src=\"http:\/\/www.rusrim.com\/wp-content\/uploads\/2016\/01\/\u041d\u0430\u0435\u043b\u0438\u044f-\u0432-\u043f\u043e\u0441\u043e\u043b\u0441\u0442\u0432\u043e-\u043d\u0430-\u0422\u0443\u043d\u0438\u0441-\u0432-\u0420\u0438\u043c-\u0415\u043a\u0441\u043a\u0443\u0440\u0437\u0438\u0438-\u0432-\u0418\u0442\u0430\u043b\u0438\u044f-300x258.jpg\" alt=\"\u041d\u0430\u0435\u043b\u0438\u044f \u0432 \u043f\u043e\u0441\u043e\u043b\u0441\u0442\u0432\u043e \u043d\u0430 \u0422\u0443\u043d\u0438\u0441 \u0432 \u0420\u0438\u043c - \u0415\u043a\u0441\u043a\u0443\u0440\u0437\u0438\u0438 \u0432 \u0418\u0442\u0430\u043b\u0438\u044f\" width=\"519\" height=\"446\" srcset=\"http:\/\/www.rusrim.com\/wp-content\/uploads\/2016\/01\/\u041d\u0430\u0435\u043b\u0438\u044f-\u0432-\u043f\u043e\u0441\u043e\u043b\u0441\u0442\u0432\u043e-\u043d\u0430-\u0422\u0443\u043d\u0438\u0441-\u0432-\u0420\u0438\u043c-\u0415\u043a\u0441\u043a\u0443\u0440\u0437\u0438\u0438-\u0432-\u0418\u0442\u0430\u043b\u0438\u044f-300x258.jpg 300w, http:\/\/www.rusrim.com\/wp-content\/uploads\/2016\/01\/\u041d\u0430\u0435\u043b\u0438\u044f-\u0432-\u043f\u043e\u0441\u043e\u043b\u0441\u0442\u0432\u043e-\u043d\u0430-\u0422\u0443\u043d\u0438\u0441-\u0432-\u0420\u0438\u043c-\u0415\u043a\u0441\u043a\u0443\u0440\u0437\u0438\u0438-\u0432-\u0418\u0442\u0430\u043b\u0438\u044f-1024x880.jpg 1024w, http:\/\/www.rusrim.com\/wp-content\/uploads\/2016\/01\/\u041d\u0430\u0435\u043b\u0438\u044f-\u0432-\u043f\u043e\u0441\u043e\u043b\u0441\u0442\u0432\u043e-\u043d\u0430-\u0422\u0443\u043d\u0438\u0441-\u0432-\u0420\u0438\u043c-\u0415\u043a\u0441\u043a\u0443\u0440\u0437\u0438\u0438-\u0432-\u0418\u0442\u0430\u043b\u0438\u044f.jpg 1969w\" sizes=\"(max-width: 519px) 100vw, 519px\" \/><\/a><\/p>\n<h5 style=\"text-align: center;\"><\/h5>\n<h5 style=\"text-align: center;\">Tours en Italie avec chauffeur\/<span style=\"color: #0000ff;\"><a style=\"color: #0000ff;\" href=\"http:\/\/www.rusrim.com\/fr\/%D0%B3%D0%B8%D0%B4%D1%8B\/%D0%B3%D0%B8%D0%B4-%D1%80%D0%B8%D0%BC\/\">guide<\/a><\/span>-conf\u00e9rencier \u00e0 Rome, Le Vatican, et les r\u00e9gions du LATIUM (Tivoli, Chateaux Romains, Tarquinie) et TOSCANE (Florence, Sienne, Capalbe, Argentaire, Pise), OMBRIE (Orvieto, Assise, P\u00e9rouse) ABRUZZES ( Gran Sasso, l\u2019Aquila) CAMPANIE ( Pomp\u00e9i et Amalfi) avec chauffeur\/guide-conf\u00e9rencier Anglais, Fran\u00e7ais, Russe, Bulgare et Allemand.<\/h5>\n<h5 style=\"text-align: center;\"><b>+39 389 5975 184\u00a0<\/b>\u00a0<a href=\"mailto:info@rusrim.com\">info@rusrim.com<\/a><\/h5>\n<p><\/p>","protected":false},"excerpt":{"rendered":"<p>+39 389 5975 184\u00a0\u00a0info@rusrim.com Naelia\u00a0&#8211; Eliana Tumminelli\u00a0 Eliana Tumminelli et Adel Karanov studio de musique &#8211;\u00a0Rome &#8211; Italie Naelia &#8211; Concert aux Chateaux romain &#8211; Ariccia &#8211; Italie Naelia et Adel Karanov &#8211; Ariccia &#8211; Italie &nbsp; Eliana Tumminelli Naelia &#8211; Ambassade de Tunisie a Rome Tours en Italie avec chauffeur\/guide-conf\u00e9rencier \u00e0 Rome, Le Vatican, [&hellip;]<\/p>\n","protected":false},"author":2,"featured_media":0,"parent":640,"menu_order":6,"comment_status":"closed","ping_status":"closed","template":"","meta":[],"tags":[],"_links":{"self":[{"href":"http:\/\/www.rusrim.com\/fr\/wp-json\/wp\/v2\/pages\/990"}],"collection":[{"href":"http:\/\/www.rusrim.com\/fr\/wp-json\/wp\/v2\/pages"}],"about":[{"href":"http:\/\/www.rusrim.com\/fr\/wp-json\/wp\/v2\/types\/page"}],"author":[{"embeddable":true,"href":"http:\/\/www.rusrim.com\/fr\/wp-json\/wp\/v2\/users\/2"}],"replies":[{"embeddable":true,"href":"http:\/\/www.rusrim.com\/fr\/wp-json\/wp\/v2\/comments?post=990"}],"version-history":[{"count":21,"href":"http:\/\/www.rusrim.com\/fr\/wp-json\/wp\/v2\/pages\/990\/revisions"}],"predecessor-version":[{"id":8903,"href":"http:\/\/www.rusrim.com\/fr\/wp-json\/wp\/v2\/pages\/990\/revisions\/8903"}],"up":[{"embeddable":true,"href":"http:\/\/www.rusrim.com\/fr\/wp-json\/wp\/v2\/pages\/640"}],"wp:attachment":[{"href":"http:\/\/www.rusrim.com\/fr\/wp-json\/wp\/v2\/media?parent=990"}],"wp:term":[{"taxonomy":"post_tag","embeddable":true,"href":"http:\/\/www.rusrim.com\/fr\/wp-json\/wp\/v2\/tags?post=990"}],"curies":[{"name":"wp","href":"https:\/\/api.w.org\/{rel}","templated":true}]}}